{"id":4011,"date":"2022-06-23T10:48:43","date_gmt":"2022-06-23T15:48:43","guid":{"rendered":"https:\/\/www.odontoss.com\/web\/?page_id=4011"},"modified":"2023-06-14T06:27:45","modified_gmt":"2023-06-14T11:27:45","slug":"about-us","status":"publish","type":"page","link":"https:\/\/www.odontoss.com\/english\/about-us\/","title":{"rendered":"About Us"},"content":{"rendered":"<p>[vc_row content_placement=&#8221;middle&#8221; css=&#8221;.vc_custom_1656001713085{padding-top: 70px !important;padding-bottom: 40px !important;}&#8221;][vc_column][vc_row_inner content_placement=&#8221;middle&#8221;][vc_column_inner width=&#8221;1\/2&#8243;][vc_custom_heading text=&#8221;Our Mission &#8221; font_container=&#8221;tag:h2|font_size:2.125rem|text_align:left|line_height:1&#8243; use_theme_fonts=&#8221;yes&#8221; el_class=&#8221;mb-2&#8243; animation_type=&#8221;zoomIn&#8221;][vc_custom_heading text=&#8221;With a team of professionals&#8221; font_container=&#8221;tag:h5|font_size:1.2rem|text_align:left|color:%232e3191|line_height:1.2&#8243; use_theme_fonts=&#8221;yes&#8221; font_weight=&#8221;400&#8243; letter_spacing=&#8221;-.025em&#8221; el_class=&#8221;m-b-md pb-4&#8243; css=&#8221;.vc_custom_1686741868276{border-bottom-width: 1px !important;border-bottom-color: #e7e7e7 !important;border-bottom-style: solid !important;}&#8221; animation_type=&#8221;zoomIn&#8221;][vc_column_text css_animation=&#8221;zoomIn&#8221;]<\/p>\n<p style=\"font-size: 11pt; text-align: justify; color: #606060;\">With a team of highly qualified, honest, compassionate and committed professionals, our goal is to improve patient health, appearance, self-confidence, and quality of life.<\/p>\n<p>[\/vc_column_text][vc_custom_heading text=&#8221;Our Vision&#8221; font_container=&#8221;tag:h2|font_size:2.125rem|text_align:left|line_height:1&#8243; use_theme_fonts=&#8221;yes&#8221; el_class=&#8221;mb-2&#8243; animation_type=&#8221;zoomIn&#8221;][vc_custom_heading text=&#8221;To be in 2025&#8243; font_container=&#8221;tag:h5|font_size:1.2rem|text_align:left|color:%232e3191|line_height:1.2&#8243; use_theme_fonts=&#8221;yes&#8221; font_weight=&#8221;400&#8243; letter_spacing=&#8221;-.025em&#8221; el_class=&#8221;m-b-md pb-4&#8243; css=&#8221;.vc_custom_1686741881220{border-bottom-width: 1px !important;border-bottom-color: #e7e7e7 !important;border-bottom-style: solid !important;}&#8221; animation_type=&#8221;zoomIn&#8221;][vc_column_text css_animation=&#8221;zoomIn&#8221;]<\/p>\n<p style=\"font-size: 11pt; text-align: justify; color: #606060;\">El m\u00e1ximo referente a nivel nacional e internacional en diagn\u00f3sticos y tratamientos de odontolog\u00eda general y especializada. Contando siempre con personal profesional id\u00f3neo y calificado que permita la satisfacci\u00f3n de las especialidades de los usuarios, incrementando nuestra capacidad institucional y superando las barreras geogr\u00e1ficas.<\/p>\n<p>[\/vc_column_text][\/vc_column_inner][vc_column_inner width=&#8221;1\/2&#8243;][vc_single_image image=&#8221;4084&#8243; img_size=&#8221;full&#8221; alignment=&#8221;center&#8221;][\/vc_column_inner][\/vc_row_inner][vc_custom_heading text=&#8221;Patient safety policy&#8221; font_container=&#8221;tag:h2|font_size:2.125rem|text_align:left|line_height:1&#8243; use_theme_fonts=&#8221;yes&#8221; el_class=&#8221;mb-2&#8243; animation_type=&#8221;zoomIn&#8221;][vc_custom_heading text=&#8221;The ODONTOSS Clinic&#8221; font_container=&#8221;tag:h5|font_size:1.2rem|text_align:left|color:%232e3191|line_height:1.2&#8243; use_theme_fonts=&#8221;yes&#8221; font_weight=&#8221;400&#8243; letter_spacing=&#8221;-.025em&#8221; el_class=&#8221;m-b-md pb-4&#8243; css=&#8221;.vc_custom_1686741959570{border-bottom-width: 1px !important;border-bottom-color: #e7e7e7 !important;border-bottom-style: solid !important;}&#8221; animation_type=&#8221;zoomIn&#8221;][vc_column_text css_animation=&#8221;zoomIn&#8221;]<\/p>\n<p style=\"font-size: 11pt; text-align: justify; color: #606060;\">The ODONTOSS Clinic is committed to providing safe and timely care through the implementation of the Mandatory Quality Assurance System with the internalization and high level of development of patient safety for all internal and external clients.<br \/>\nThe policy is reflected in risk minimization, risk management and analysis and the corresponding improvement actions that contribute to organizational learning.<\/p>\n<p>[\/vc_column_text][vc_custom_heading text=&#8221;Values&#8221; font_container=&#8221;tag:h2|font_size:2.125rem|text_align:left|line_height:1&#8243; use_theme_fonts=&#8221;yes&#8221; el_class=&#8221;mb-2&#8243; animation_type=&#8221;zoomIn&#8221;][vc_column_text css_animation=&#8221;zoomIn&#8221;]<\/p>\n<p style=\"font-size: 11pt; text-align: justify; color: #606060;\">The fundamental factors that intervene in our daily work for both the external client (patient) and the internal client (collaborators)<\/p>\n<p>[\/vc_column_text][vc_row_inner][vc_column_inner width=&#8221;1\/6&#8243;]<style>#porto-info-list143105277369d1fdc2deed1 i { color: #2e3191;font-size: 20px; }<\/style><ul id=\"porto-info-list143105277369d1fdc2deed1\" class=\"porto-info-list \"><li class=\"porto-info-list-item\"><i class=\"porto-info-icon fas fa-chevron-circle-right\"><\/i><div class=\"porto-info-list-item-desc\">Respetc<\/div><\/li><\/ul>[\/vc_column_inner][vc_column_inner width=&#8221;1\/6&#8243;]<style>#porto-info-list190131439669d1fdc2df33c i { color: #2e3191;font-size: 20px; }<\/style><ul id=\"porto-info-list190131439669d1fdc2df33c\" class=\"porto-info-list \"><li class=\"porto-info-list-item\"><div class=\"porto-info-list-item-desc\">Honesty<\/div><\/li><\/ul>[\/vc_column_inner][vc_column_inner width=&#8221;1\/6&#8243;]<style>#porto-info-list150744998069d1fdc2df3c6 i { color: #2e3191;font-size: 20px; }<\/style><ul id=\"porto-info-list150744998069d1fdc2df3c6\" class=\"porto-info-list \"><li class=\"porto-info-list-item\"><i class=\"porto-info-icon fas fa-chevron-circle-right\"><\/i><div class=\"porto-info-list-item-desc\">Responsability<\/div><\/li><\/ul>[\/vc_column_inner][vc_column_inner width=&#8221;1\/6&#8243;]<style>#porto-info-list167316349769d1fdc2df42f i { color: #2e3191;font-size: 20px; }<\/style><ul id=\"porto-info-list167316349769d1fdc2df42f\" class=\"porto-info-list \"><li class=\"porto-info-list-item\"><i class=\"porto-info-icon fas fa-chevron-circle-right\"><\/i><div class=\"porto-info-list-item-desc\">Ethics<\/div><\/li><\/ul>[\/vc_column_inner][vc_column_inner width=&#8221;1\/6&#8243;]<style>#porto-info-list43257132069d1fdc2df48b i { color: #2e3191;font-size: 20px; }<\/style><ul id=\"porto-info-list43257132069d1fdc2df48b\" class=\"porto-info-list \"><li class=\"porto-info-list-item\"><i class=\"porto-info-icon fas fa-chevron-circle-right\"><\/i><div class=\"porto-info-list-item-desc\">Compliance<\/div><\/li><\/ul>[\/vc_column_inner][vc_column_inner width=&#8221;1\/6&#8243;][\/vc_column_inner][\/vc_row_inner][\/vc_column][\/vc_row]<\/p>\n","protected":false},"excerpt":{"rendered":"<p>[vc_row content_placement=&#8221;middle&#8221; css=&#8221;.vc_custom_1656001713085{padding-top: 70px !important;padding-bottom: 40px !important;}&#8221;][vc_column][vc_row_inner content_placement=&#8221;middle&#8221;][vc_column_inner width=&#8221;1\/2&#8243;][vc_custom_heading text=&#8221;Our Mission &#8221; font_container=&#8221;tag:h2|font_size:2.125rem|text_align:left|line_height:1&#8243; use_theme_fonts=&#8221;yes&#8221; el_class=&#8221;mb-2&#8243; animation_type=&#8221;zoomIn&#8221;][vc_custom_heading text=&#8221;With a team of professionals&#8221; font_container=&#8221;tag:h5|font_size:1.2rem|text_align:left|color:%232e3191|line_height:1.2&#8243; use_theme_fonts=&#8221;yes&#8221; font_weight=&#8221;400&#8243; letter_spacing=&#8221;-.025em&#8221; el_class=&#8221;m-b-md pb-4&#8243; css=&#8221;.vc_custom_1686741868276{border-bottom-width: 1px !important;border-bottom-color: #e7e7e7 !important;border-bottom-style: solid !important;}&#8221; animation_type=&#8221;zoomIn&#8221;][vc_column_text css_animation=&#8221;zoomIn&#8221;] With a team of highly qualified, honest, compassionate and committed professionals, our goal is to improve patient health, appearance, [&hellip;]<\/p>\n","protected":false},"author":1,"featured_media":0,"parent":0,"menu_order":0,"comment_status":"closed","ping_status":"closed","template":"","meta":{"footnotes":""},"class_list":["post-4011","page","type-page","status-publish","hentry"],"yoast_head":"<!-- This site is optimized with the Yoast SEO plugin v20.6 - https:\/\/yoast.com\/wordpress\/plugins\/seo\/ -->\n<title>About Us | Odontoss<\/title>\n<meta name=\"description\" content=\"Implantes Dentales Medellin | ODONTOSS | Protesis Dentales Medellin | Odontologos Medellin | Clinicas Odontologicas Medellin | Periodoncia en Medellin | Ortodoncia Medellin | Endodoncia Medellin | Odontologos en Medellin | Rehabilitaci\u00f3n Oral Medellin | Cirugia Oral Medellin | Laboratorios Dentales Medellin\" \/>\n<meta name=\"robots\" content=\"index, follow, max-snippet:-1, max-image-preview:large, max-video-preview:-1\" \/>\n<link rel=\"canonical\" href=\"https:\/\/www.odontoss.com\/english\/about-us\/\" \/>\n<meta property=\"og:locale\" content=\"es_ES\" \/>\n<meta property=\"og:type\" content=\"article\" \/>\n<meta property=\"og:title\" content=\"About Us | Odontoss\" \/>\n<meta property=\"og:description\" content=\"Implantes Dentales Medellin | ODONTOSS | Protesis Dentales Medellin | Odontologos Medellin | Clinicas Odontologicas Medellin | Periodoncia en Medellin | Ortodoncia Medellin | Endodoncia Medellin | Odontologos en Medellin | Rehabilitaci\u00f3n Oral Medellin | Cirugia Oral Medellin | Laboratorios Dentales Medellin\" \/>\n<meta property=\"og:url\" content=\"https:\/\/www.odontoss.com\/english\/about-us\/\" \/>\n<meta property=\"og:site_name\" content=\"Odontoss\" \/>\n<meta property=\"article:publisher\" content=\"https:\/\/www.facebook.com\/odontoss.clinicaodontologica\/\" \/>\n<meta property=\"article:modified_time\" content=\"2023-06-14T11:27:45+00:00\" \/>\n<meta name=\"twitter:card\" content=\"summary_large_image\" \/>\n<meta name=\"twitter:label1\" content=\"Tiempo estimado de lectura\" \/>\n\t<meta name=\"twitter:data1\" content=\"2 minutos\" \/>\n<script type=\"application\/ld+json\" class=\"yoast-schema-graph\">{\"@context\":\"https:\/\/schema.org\",\"@graph\":[{\"@type\":\"WebPage\",\"@id\":\"https:\/\/www.odontoss.com\/english\/about-us\/\",\"url\":\"https:\/\/www.odontoss.com\/english\/about-us\/\",\"name\":\"About Us | Odontoss\",\"isPartOf\":{\"@id\":\"https:\/\/www.odontoss.com\/english\/#website\"},\"datePublished\":\"2022-06-23T15:48:43+00:00\",\"dateModified\":\"2023-06-14T11:27:45+00:00\",\"description\":\"Implantes Dentales Medellin | ODONTOSS | Protesis Dentales Medellin | Odontologos Medellin | Clinicas Odontologicas Medellin | Periodoncia en Medellin | Ortodoncia Medellin | Endodoncia Medellin | Odontologos en Medellin | Rehabilitaci\u00f3n Oral Medellin | Cirugia Oral Medellin | Laboratorios Dentales Medellin\",\"breadcrumb\":{\"@id\":\"https:\/\/www.odontoss.com\/english\/about-us\/#breadcrumb\"},\"inLanguage\":\"es-CO\",\"potentialAction\":[{\"@type\":\"ReadAction\",\"target\":[\"https:\/\/www.odontoss.com\/english\/about-us\/\"]}]},{\"@type\":\"BreadcrumbList\",\"@id\":\"https:\/\/www.odontoss.com\/english\/about-us\/#breadcrumb\",\"itemListElement\":[{\"@type\":\"ListItem\",\"position\":1,\"name\":\"Inicio\",\"item\":\"https:\/\/www.odontoss.com\/english\/\"},{\"@type\":\"ListItem\",\"position\":2,\"name\":\"About Us\"}]},{\"@type\":\"WebSite\",\"@id\":\"https:\/\/www.odontoss.com\/english\/#website\",\"url\":\"https:\/\/www.odontoss.com\/english\/\",\"name\":\"Odontoss\",\"description\":\"Implantes Dentales Medellin | ODONTOSS | Protesis Dentales Medellin | Odontologos Medellin | Clinicas Odontologicas Medellin | Periodoncia en Medellin | Ortodoncia Medellin | Endodoncia Medellin | Odontologos en Medellin | Rehabilitaci\u00f3n Oral Medellin | Cirugia Oral Medellin\",\"potentialAction\":[{\"@type\":\"SearchAction\",\"target\":{\"@type\":\"EntryPoint\",\"urlTemplate\":\"https:\/\/www.odontoss.com\/english\/?s={search_term_string}\"},\"query-input\":\"required name=search_term_string\"}],\"inLanguage\":\"es-CO\"}]}<\/script>\n<!-- \/ Yoast SEO plugin. -->","yoast_head_json":{"title":"About Us | Odontoss","description":"Implantes Dentales Medellin | ODONTOSS | Protesis Dentales Medellin | Odontologos Medellin | Clinicas Odontologicas Medellin | Periodoncia en Medellin | Ortodoncia Medellin | Endodoncia Medellin | Odontologos en Medellin | Rehabilitaci\u00f3n Oral Medellin | Cirugia Oral Medellin | Laboratorios Dentales Medellin","robots":{"index":"index","follow":"follow","max-snippet":"max-snippet:-1","max-image-preview":"max-image-preview:large","max-video-preview":"max-video-preview:-1"},"canonical":"https:\/\/www.odontoss.com\/english\/about-us\/","og_locale":"es_ES","og_type":"article","og_title":"About Us | Odontoss","og_description":"Implantes Dentales Medellin | ODONTOSS | Protesis Dentales Medellin | Odontologos Medellin | Clinicas Odontologicas Medellin | Periodoncia en Medellin | Ortodoncia Medellin | Endodoncia Medellin | Odontologos en Medellin | Rehabilitaci\u00f3n Oral Medellin | Cirugia Oral Medellin | Laboratorios Dentales Medellin","og_url":"https:\/\/www.odontoss.com\/english\/about-us\/","og_site_name":"Odontoss","article_publisher":"https:\/\/www.facebook.com\/odontoss.clinicaodontologica\/","article_modified_time":"2023-06-14T11:27:45+00:00","twitter_card":"summary_large_image","twitter_misc":{"Tiempo estimado de lectura":"2 minutos"},"schema":{"@context":"https:\/\/schema.org","@graph":[{"@type":"WebPage","@id":"https:\/\/www.odontoss.com\/english\/about-us\/","url":"https:\/\/www.odontoss.com\/english\/about-us\/","name":"About Us | Odontoss","isPartOf":{"@id":"https:\/\/www.odontoss.com\/english\/#website"},"datePublished":"2022-06-23T15:48:43+00:00","dateModified":"2023-06-14T11:27:45+00:00","description":"Implantes Dentales Medellin | ODONTOSS | Protesis Dentales Medellin | Odontologos Medellin | Clinicas Odontologicas Medellin | Periodoncia en Medellin | Ortodoncia Medellin | Endodoncia Medellin | Odontologos en Medellin | Rehabilitaci\u00f3n Oral Medellin | Cirugia Oral Medellin | Laboratorios Dentales Medellin","breadcrumb":{"@id":"https:\/\/www.odontoss.com\/english\/about-us\/#breadcrumb"},"inLanguage":"es-CO","potentialAction":[{"@type":"ReadAction","target":["https:\/\/www.odontoss.com\/english\/about-us\/"]}]},{"@type":"BreadcrumbList","@id":"https:\/\/www.odontoss.com\/english\/about-us\/#breadcrumb","itemListElement":[{"@type":"ListItem","position":1,"name":"Inicio","item":"https:\/\/www.odontoss.com\/english\/"},{"@type":"ListItem","position":2,"name":"About Us"}]},{"@type":"WebSite","@id":"https:\/\/www.odontoss.com\/english\/#website","url":"https:\/\/www.odontoss.com\/english\/","name":"Odontoss","description":"Implantes Dentales Medellin | ODONTOSS | Protesis Dentales Medellin | Odontologos Medellin | Clinicas Odontologicas Medellin | Periodoncia en Medellin | Ortodoncia Medellin | Endodoncia Medellin | Odontologos en Medellin | Rehabilitaci\u00f3n Oral Medellin | Cirugia Oral Medellin","potentialAction":[{"@type":"SearchAction","target":{"@type":"EntryPoint","urlTemplate":"https:\/\/www.odontoss.com\/english\/?s={search_term_string}"},"query-input":"required name=search_term_string"}],"inLanguage":"es-CO"}]}},"_links":{"self":[{"href":"https:\/\/www.odontoss.com\/english\/wp-json\/wp\/v2\/pages\/4011","targetHints":{"allow":["GET"]}}],"collection":[{"href":"https:\/\/www.odontoss.com\/english\/wp-json\/wp\/v2\/pages"}],"about":[{"href":"https:\/\/www.odontoss.com\/english\/wp-json\/wp\/v2\/types\/page"}],"author":[{"embeddable":true,"href":"https:\/\/www.odontoss.com\/english\/wp-json\/wp\/v2\/users\/1"}],"replies":[{"embeddable":true,"href":"https:\/\/www.odontoss.com\/english\/wp-json\/wp\/v2\/comments?post=4011"}],"version-history":[{"count":14,"href":"https:\/\/www.odontoss.com\/english\/wp-json\/wp\/v2\/pages\/4011\/revisions"}],"predecessor-version":[{"id":4440,"href":"https:\/\/www.odontoss.com\/english\/wp-json\/wp\/v2\/pages\/4011\/revisions\/4440"}],"wp:attachment":[{"href":"https:\/\/www.odontoss.com\/english\/wp-json\/wp\/v2\/media?parent=4011"}],"curies":[{"name":"wp","href":"https:\/\/api.w.org\/{rel}","templated":true}]}}