{"id":144,"date":"2025-07-10T15:49:02","date_gmt":"2025-07-10T20:49:02","guid":{"rendered":"https:\/\/www.odontoss.com\/esteticadental\/?page_id=144"},"modified":"2025-07-10T15:49:02","modified_gmt":"2025-07-10T20:49:02","slug":"politica-de-privacidad","status":"publish","type":"page","link":"https:\/\/www.odontoss.com\/esteticadental\/politica-de-privacidad\/","title":{"rendered":"Pol\u00edtica de privacidad"},"content":{"rendered":"<div class=\"wpb-content-wrapper\"><p>[vc_row css=&#8221;.vc_custom_1751575719823{padding-top: 50px !important;}&#8221; conditional_render=&#8221;%5B%7B%22value_role%22%3A%22administrator%22%7D%5D&#8221;][vc_column][vc_column_text css_animation=&#8221;fadeInLeft&#8221;]<\/p>\n<p style=\"font-size: 38px; font-weight: bold; line-height: 1.1; color: #232323; text-align: center;\">Pol\u00edticas de privacidad<\/p>\n<p>[\/vc_column_text][\/vc_column][vc_column][vc_column_text]<\/p>\n<p style=\"font-size: 12pt; line-height: 1.5; color: #000000; text-align: justify;\">Odontoss Est\u00e9tica dental, como responsable del tratamiento de datos personales registrados por sus usuarios, clientes y en general de todas las personas que hayan facilitado o que en el futuro faciliten sus datos personales, les informa que el tratamiento de datos personales en su custodia, se realiza de conformidad con la Ley 1581 de 2012, reglamentada por el Decreto 1377 de 2013, y que los titulares de datos personales registrados en las bases de datos en Odontoss Est\u00e9tica dental, pueden solicitar la supresi\u00f3n, cancelaci\u00f3n, correcci\u00f3n o su actualizaci\u00f3n, en los t\u00e9rminos dispuestos por las normas aludidas, y de acuerdo con lo previsto en la pol\u00edtica de privacidad para el manejo y tratamiento de datos personales, que tiene protecci\u00f3n de datos personales. En cumplimiento de las normas vigentes se han adoptado las medidas legales, t\u00e9cnicas y organizacionales necesarias con el fin de evitar la p\u00e9rdida, acceso o alteraci\u00f3n de los datos personales a los cuales damos tratamiento, para garantizar su seguridad e integridad.<\/p>\n<p style=\"font-size: 12pt; line-height: 1.5; color: #000000; text-align: justify;\">De conformidad con lo anterior, solicitamos su autorizaci\u00f3n libre, previa, expresa, y debidamente informada, para que permita el tratamiento de sus datos personales, para el cumplimiento del objeto de la prestaci\u00f3n de servicios e informativas y las dem\u00e1s se\u00f1aladas en la pol\u00edtica para el manejo y tratamiento de datos personales.<\/p>\n<p style=\"font-size: 12pt; line-height: 1.5; color: #000000; text-align: justify;\">Si en alg\u00fan momento no desea que sus datos personales sigan siendo utilizados por Odontoss Est\u00e9tica dental, podr\u00e1 revocar de manera parcial o total esta autorizaci\u00f3n, siguiendo los procedimientos descritos en la pol\u00edtica para el manejo y tratamiento de datos personales.<\/p>\n<p>[\/vc_column_text][\/vc_column][\/vc_row]<\/p>\n<\/div>","protected":false},"excerpt":{"rendered":"<p>[vc_row css=&#8221;.vc_custom_1751575719823{padding-top: 50px !important;}&#8221; conditional_render=&#8221;%5B%7B%22value_role%22%3A%22administrator%22%7D%5D&#8221;][vc_column][vc_column_text css_animation=&#8221;fadeInLeft&#8221;] Pol\u00edticas de privacidad [\/vc_column_text][\/vc_column][vc_column][vc_column_text] Odontoss Est\u00e9tica dental, como responsable del tratamiento de datos personales registrados por sus usuarios, clientes y en general de todas las personas que hayan facilitado o que en el futuro faciliten sus datos personales, les informa que el tratamiento de datos personales en su custodia, [&hellip;]<\/p>\n","protected":false},"author":1,"featured_media":0,"parent":0,"menu_order":0,"comment_status":"closed","ping_status":"closed","template":"","meta":{"_joinchat":[],"footnotes":""},"class_list":["post-144","page","type-page","status-publish","hentry"],"yoast_head":"<!-- This site is optimized with the Yoast SEO plugin v22.2 - https:\/\/yoast.com\/wordpress\/plugins\/seo\/ -->\n<title>Pol\u00edtica de privacidad - Estetica dental<\/title>\n<meta name=\"robots\" content=\"index, follow, max-snippet:-1, max-image-preview:large, max-video-preview:-1\" \/>\n<link rel=\"canonical\" href=\"https:\/\/www.odontoss.com\/esteticadental\/politica-de-privacidad\/\" \/>\n<meta property=\"og:locale\" content=\"es_ES\" \/>\n<meta property=\"og:type\" content=\"article\" \/>\n<meta property=\"og:title\" content=\"Pol\u00edtica de privacidad - Estetica dental\" \/>\n<meta property=\"og:description\" content=\"[vc_row css=&#8221;.vc_custom_1751575719823{padding-top: 50px !important;}&#8221; conditional_render=&#8221;%5B%7B%22value_role%22%3A%22administrator%22%7D%5D&#8221;][vc_column][vc_column_text css_animation=&#8221;fadeInLeft&#8221;] Pol\u00edticas de privacidad [\/vc_column_text][\/vc_column][vc_column][vc_column_text] Odontoss Est\u00e9tica dental, como responsable del tratamiento de datos personales registrados por sus usuarios, clientes y en general de todas las personas que hayan facilitado o que en el futuro faciliten sus datos personales, les informa que el tratamiento de datos personales en su custodia, [&hellip;]\" \/>\n<meta property=\"og:url\" content=\"https:\/\/www.odontoss.com\/esteticadental\/politica-de-privacidad\/\" \/>\n<meta property=\"og:site_name\" content=\"Estetica dental\" \/>\n<meta name=\"twitter:card\" content=\"summary_large_image\" \/>\n<meta name=\"twitter:label1\" content=\"Tiempo estimado de lectura\" \/>\n\t<meta name=\"twitter:data1\" content=\"2 minutos\" \/>\n<script type=\"application\/ld+json\" class=\"yoast-schema-graph\">{\"@context\":\"https:\/\/schema.org\",\"@graph\":[{\"@type\":\"WebPage\",\"@id\":\"https:\/\/www.odontoss.com\/esteticadental\/politica-de-privacidad\/\",\"url\":\"https:\/\/www.odontoss.com\/esteticadental\/politica-de-privacidad\/\",\"name\":\"Pol\u00edtica de privacidad - Estetica dental\",\"isPartOf\":{\"@id\":\"https:\/\/www.odontoss.com\/esteticadental\/#website\"},\"datePublished\":\"2025-07-10T20:49:02+00:00\",\"dateModified\":\"2025-07-10T20:49:02+00:00\",\"breadcrumb\":{\"@id\":\"https:\/\/www.odontoss.com\/esteticadental\/politica-de-privacidad\/#breadcrumb\"},\"inLanguage\":\"es-CO\",\"potentialAction\":[{\"@type\":\"ReadAction\",\"target\":[\"https:\/\/www.odontoss.com\/esteticadental\/politica-de-privacidad\/\"]}]},{\"@type\":\"BreadcrumbList\",\"@id\":\"https:\/\/www.odontoss.com\/esteticadental\/politica-de-privacidad\/#breadcrumb\",\"itemListElement\":[{\"@type\":\"ListItem\",\"position\":1,\"name\":\"Inicio\",\"item\":\"https:\/\/www.odontoss.com\/esteticadental\/\"},{\"@type\":\"ListItem\",\"position\":2,\"name\":\"Pol\u00edtica de privacidad\"}]},{\"@type\":\"WebSite\",\"@id\":\"https:\/\/www.odontoss.com\/esteticadental\/#website\",\"url\":\"https:\/\/www.odontoss.com\/esteticadental\/\",\"name\":\"Estetica dental\",\"description\":\"Estetica Dental Medellin\",\"potentialAction\":[{\"@type\":\"SearchAction\",\"target\":{\"@type\":\"EntryPoint\",\"urlTemplate\":\"https:\/\/www.odontoss.com\/esteticadental\/?s={search_term_string}\"},\"query-input\":\"required name=search_term_string\"}],\"inLanguage\":\"es-CO\"}]}<\/script>\n<!-- \/ Yoast SEO plugin. -->","yoast_head_json":{"title":"Pol\u00edtica de privacidad - Estetica dental","robots":{"index":"index","follow":"follow","max-snippet":"max-snippet:-1","max-image-preview":"max-image-preview:large","max-video-preview":"max-video-preview:-1"},"canonical":"https:\/\/www.odontoss.com\/esteticadental\/politica-de-privacidad\/","og_locale":"es_ES","og_type":"article","og_title":"Pol\u00edtica de privacidad - Estetica dental","og_description":"[vc_row css=&#8221;.vc_custom_1751575719823{padding-top: 50px !important;}&#8221; conditional_render=&#8221;%5B%7B%22value_role%22%3A%22administrator%22%7D%5D&#8221;][vc_column][vc_column_text css_animation=&#8221;fadeInLeft&#8221;] Pol\u00edticas de privacidad [\/vc_column_text][\/vc_column][vc_column][vc_column_text] Odontoss Est\u00e9tica dental, como responsable del tratamiento de datos personales registrados por sus usuarios, clientes y en general de todas las personas que hayan facilitado o que en el futuro faciliten sus datos personales, les informa que el tratamiento de datos personales en su custodia, [&hellip;]","og_url":"https:\/\/www.odontoss.com\/esteticadental\/politica-de-privacidad\/","og_site_name":"Estetica dental","twitter_card":"summary_large_image","twitter_misc":{"Tiempo estimado de lectura":"2 minutos"},"schema":{"@context":"https:\/\/schema.org","@graph":[{"@type":"WebPage","@id":"https:\/\/www.odontoss.com\/esteticadental\/politica-de-privacidad\/","url":"https:\/\/www.odontoss.com\/esteticadental\/politica-de-privacidad\/","name":"Pol\u00edtica de privacidad - Estetica dental","isPartOf":{"@id":"https:\/\/www.odontoss.com\/esteticadental\/#website"},"datePublished":"2025-07-10T20:49:02+00:00","dateModified":"2025-07-10T20:49:02+00:00","breadcrumb":{"@id":"https:\/\/www.odontoss.com\/esteticadental\/politica-de-privacidad\/#breadcrumb"},"inLanguage":"es-CO","potentialAction":[{"@type":"ReadAction","target":["https:\/\/www.odontoss.com\/esteticadental\/politica-de-privacidad\/"]}]},{"@type":"BreadcrumbList","@id":"https:\/\/www.odontoss.com\/esteticadental\/politica-de-privacidad\/#breadcrumb","itemListElement":[{"@type":"ListItem","position":1,"name":"Inicio","item":"https:\/\/www.odontoss.com\/esteticadental\/"},{"@type":"ListItem","position":2,"name":"Pol\u00edtica de privacidad"}]},{"@type":"WebSite","@id":"https:\/\/www.odontoss.com\/esteticadental\/#website","url":"https:\/\/www.odontoss.com\/esteticadental\/","name":"Estetica dental","description":"Estetica Dental Medellin","potentialAction":[{"@type":"SearchAction","target":{"@type":"EntryPoint","urlTemplate":"https:\/\/www.odontoss.com\/esteticadental\/?s={search_term_string}"},"query-input":"required name=search_term_string"}],"inLanguage":"es-CO"}]}},"_links":{"self":[{"href":"https:\/\/www.odontoss.com\/esteticadental\/wp-json\/wp\/v2\/pages\/144","targetHints":{"allow":["GET"]}}],"collection":[{"href":"https:\/\/www.odontoss.com\/esteticadental\/wp-json\/wp\/v2\/pages"}],"about":[{"href":"https:\/\/www.odontoss.com\/esteticadental\/wp-json\/wp\/v2\/types\/page"}],"author":[{"embeddable":true,"href":"https:\/\/www.odontoss.com\/esteticadental\/wp-json\/wp\/v2\/users\/1"}],"replies":[{"embeddable":true,"href":"https:\/\/www.odontoss.com\/esteticadental\/wp-json\/wp\/v2\/comments?post=144"}],"version-history":[{"count":1,"href":"https:\/\/www.odontoss.com\/esteticadental\/wp-json\/wp\/v2\/pages\/144\/revisions"}],"predecessor-version":[{"id":145,"href":"https:\/\/www.odontoss.com\/esteticadental\/wp-json\/wp\/v2\/pages\/144\/revisions\/145"}],"wp:attachment":[{"href":"https:\/\/www.odontoss.com\/esteticadental\/wp-json\/wp\/v2\/media?parent=144"}],"curies":[{"name":"wp","href":"https:\/\/api.w.org\/{rel}","templated":true}]}}